{"id":1530,"date":"2018-11-01T17:33:16","date_gmt":"2018-11-01T17:33:16","guid":{"rendered":"https:\/\/demo01.gethomey.io\/?page_id=1530"},"modified":"2025-05-24T16:30:05","modified_gmt":"2025-05-24T14:30:05","slug":"devenir-un-hote","status":"publish","type":"page","link":"https:\/\/spotforwork.com\/index.php\/devenir-un-hote\/","title":{"rendered":"Devenir un h\u00f4te"},"content":{"rendered":"\t\t<div data-elementor-type=\"wp-page\" data-elementor-id=\"1530\" class=\"elementor elementor-1530\">\n\t\t\t\t\t\t<section class=\"elementor-section elementor-top-section elementor-element elementor-element-1825e1b elementor-section-height-min-height elementor-section-content-middle elementor-section-boxed elementor-section-height-default elementor-section-items-middle\" data-id=\"1825e1b\" data-element_type=\"section\" data-settings=\"{&quot;background_background&quot;:&quot;classic&quot;}\">\n\t\t\t\t\t\t<div class=\"elementor-container elementor-column-gap-default\">\n\t\t\t\t\t<div class=\"elementor-column elementor-col-50 elementor-top-column elementor-element elementor-element-8b0934e\" data-id=\"8b0934e\" data-element_type=\"column\">\n\t\t\t<div class=\"elementor-widget-wrap elementor-element-populated\">\n\t\t\t\t\t\t<div class=\"elementor-element elementor-element-5c96c0e2 elementor-widget elementor-widget-homey_elementor_section_title\" data-id=\"5c96c0e2\" data-element_type=\"widget\" data-widget_type=\"homey_elementor_section_title.default\">\n\t\t\t\t<div class=\"elementor-widget-container\">\n\t\t\t            <div class=\"homey_section_title_wrap_elementor homey-module module-title section-title-module\">\r\n                                    <h2 class=\"homey_section_title\">Devenir un h\u00f4te<\/h2>\r\n                \r\n                                    <p class=\"homey_section_subtitle sub-heading\">Commencer \u00e0 gagner de l&#039;argent \u00e0 votre rythme<\/p>\r\n                            <\/div>\r\n            \t\t<\/div>\n\t\t\t\t<\/div>\n\t\t\t\t\t<\/div>\n\t\t<\/div>\n\t\t\t\t<div class=\"elementor-column elementor-col-50 elementor-top-column elementor-element elementor-element-3cc88e09\" data-id=\"3cc88e09\" data-element_type=\"column\">\n\t\t\t<div class=\"elementor-widget-wrap elementor-element-populated\">\n\t\t\t\t\t\t<div class=\"elementor-element elementor-element-262aa129 elementor-widget elementor-widget-homey_elementor_register\" data-id=\"262aa129\" data-element_type=\"widget\" data-widget_type=\"homey_elementor_register.default\">\n\t\t\t\t<div class=\"elementor-widget-container\">\n\t\t\t        <div class=\"register_module_wrap\">\r\n            \r\n\r\n                <div class=\"homey_register_messages message\"><\/div>\r\n\r\n                <h2>Inscription<\/h2>\r\n                <div class=\"modal-login-form\">\r\n\r\n                    <form>\r\n                        <div class=\"form-group\">\r\n                            <input name=\"username\" type=\"text\" class=\"form-control email-input-1\" placeholder=\"Nom d&#039;utilisateur\" \/>\r\n                        <\/div>\r\n                        <div class=\"form-group\">\r\n                            <input type=\"useremail\" name=\"useremail\" class=\"form-control email-input-1\" placeholder=\"Email\">\r\n                        <\/div>\r\n                        <div class=\"form-group\">\r\n                            <input type=\"hidden\" name=\"role\" value=\"homey_host\">\r\n                        <\/div>\r\n\r\n                                                    <div class=\"form-group\">\r\n                                <input type=\"password\" name=\"register_pass\" class=\"form-control password-input-1\" placeholder=\"Mot de passe\">\r\n                            <\/div>\r\n                            <div class=\"form-group\">\r\n                                <input type=\"password\" name=\"register_pass_retype\" class=\"form-control password-input-2\" placeholder=\"R\u00e9p\u00e9ter le mot de passe\">\r\n                            <\/div>\r\n                        \r\n                        \r\n                        <div class=\"checkbox pull-left term_condition_check\">\r\n                            <label>\r\n                                <input required name=\"term_condition\" type=\"checkbox\"> J'accepte vos <a href=\"https:\/\/spotforwork.com\/index.php\/devenir-un-hote\/\">Conditions g\u00e9n\u00e9rales d'utilisation<\/a>                            <\/label>\r\n                        <\/div>\r\n                                                <input type=\"hidden\" id=\"homey_register_security\" name=\"homey_register_security\" value=\"6ad49c539d\" \/><input type=\"hidden\" name=\"_wp_http_referer\" value=\"\/index.php\/wp-json\/wp\/v2\/pages\/1530\" \/>                        <input type=\"hidden\" name=\"action\" value=\"homey_register\">\r\n                        <input type=\"hidden\" name=\"role\" value=\"homey_host\">\r\n                        <button type=\"submit\" class=\"homey-register-button btn btn-primary btn-full-width\">Inscription<\/button>\r\n                    <\/form>\r\n                <\/div>\r\n                    <\/div><!-- \/.modal-content -->\r\n\r\n        \t\t<\/div>\n\t\t\t\t<\/div>\n\t\t\t\t\t<\/div>\n\t\t<\/div>\n\t\t\t\t\t<\/div>\n\t\t<\/section>\n\t\t\t\t<\/div>\n\t\t","protected":false},"excerpt":{"rendered":"<p>Devenir un h\u00f4te Commencer \u00e0 gagner de l&#039;argent \u00e0 votre rythme You are logged in, explore the website<\/p>\n","protected":false},"author":1,"featured_media":0,"parent":0,"menu_order":0,"comment_status":"closed","ping_status":"closed","template":"elementor_header_footer","meta":{"_monsterinsights_skip_tracking":false,"_monsterinsights_sitenote_active":false,"_monsterinsights_sitenote_note":"","_monsterinsights_sitenote_category":0,"footnotes":""},"class_list":["post-1530","page","type-page","status-publish","hentry"],"aioseo_notices":[],"_links":{"self":[{"href":"https:\/\/spotforwork.com\/index.php\/wp-json\/wp\/v2\/pages\/1530","targetHints":{"allow":["GET"]}}],"collection":[{"href":"https:\/\/spotforwork.com\/index.php\/wp-json\/wp\/v2\/pages"}],"about":[{"href":"https:\/\/spotforwork.com\/index.php\/wp-json\/wp\/v2\/types\/page"}],"author":[{"embeddable":true,"href":"https:\/\/spotforwork.com\/index.php\/wp-json\/wp\/v2\/users\/1"}],"replies":[{"embeddable":true,"href":"https:\/\/spotforwork.com\/index.php\/wp-json\/wp\/v2\/comments?post=1530"}],"version-history":[{"count":7,"href":"https:\/\/spotforwork.com\/index.php\/wp-json\/wp\/v2\/pages\/1530\/revisions"}],"predecessor-version":[{"id":5053,"href":"https:\/\/spotforwork.com\/index.php\/wp-json\/wp\/v2\/pages\/1530\/revisions\/5053"}],"wp:attachment":[{"href":"https:\/\/spotforwork.com\/index.php\/wp-json\/wp\/v2\/media?parent=1530"}],"curies":[{"name":"wp","href":"https:\/\/api.w.org\/{rel}","templated":true}]}}