{"id":4901,"date":"2025-01-27T09:56:14","date_gmt":"2025-01-27T08:56:14","guid":{"rendered":"https:\/\/spotforwork.com\/?page_id=4901"},"modified":"2025-05-16T14:23:33","modified_gmt":"2025-05-16T12:23:33","slug":"comment-ca-marche","status":"publish","type":"page","link":"https:\/\/spotforwork.com\/index.php\/comment-ca-marche\/","title":{"rendered":"Comment \u00e7a marche"},"content":{"rendered":"\t\t<div data-elementor-type=\"wp-page\" data-elementor-id=\"4901\" class=\"elementor elementor-4901\">\n\t\t\t\t\t\t<section class=\"elementor-section elementor-top-section elementor-element elementor-element-8c6a968 elementor-section-boxed elementor-section-height-default elementor-section-height-default\" data-id=\"8c6a968\" data-element_type=\"section\">\n\t\t\t\t\t\t<div class=\"elementor-container elementor-column-gap-default\">\n\t\t\t\t\t<div class=\"elementor-column elementor-col-100 elementor-top-column elementor-element elementor-element-d2cbe4f\" data-id=\"d2cbe4f\" data-element_type=\"column\">\n\t\t\t<div class=\"elementor-widget-wrap elementor-element-populated\">\n\t\t\t\t\t\t<div class=\"elementor-element elementor-element-f18bd03 elementor-widget elementor-widget-image\" data-id=\"f18bd03\" data-element_type=\"widget\" data-widget_type=\"image.default\">\n\t\t\t\t<div class=\"elementor-widget-container\">\n\t\t\t\t\t\t\t\t\t\t\t\t\t<img fetchpriority=\"high\" decoding=\"async\" width=\"1024\" height=\"683\" src=\"https:\/\/spotforwork.com\/wp-content\/uploads\/2019\/01\/off-blog-10-1-1024x683.jpg\" class=\"attachment-large size-large wp-image-1962\" alt=\"\" srcset=\"https:\/\/spotforwork.com\/wp-content\/uploads\/2019\/01\/off-blog-10-1-1024x683.jpg 1024w, https:\/\/spotforwork.com\/wp-content\/uploads\/2019\/01\/off-blog-10-1-300x200.jpg 300w, https:\/\/spotforwork.com\/wp-content\/uploads\/2019\/01\/off-blog-10-1-768x513.jpg 768w, https:\/\/spotforwork.com\/wp-content\/uploads\/2019\/01\/off-blog-10-1-450x300.jpg 450w, https:\/\/spotforwork.com\/wp-content\/uploads\/2019\/01\/off-blog-10-1-1140x760.jpg 1140w, https:\/\/spotforwork.com\/wp-content\/uploads\/2019\/01\/off-blog-10-1-120x80.jpg 120w, https:\/\/spotforwork.com\/wp-content\/uploads\/2019\/01\/off-blog-10-1-749x500.jpg 749w, https:\/\/spotforwork.com\/wp-content\/uploads\/2019\/01\/off-blog-10-1.jpg 1440w\" sizes=\"(max-width: 1024px) 100vw, 1024px\" \/>\t\t\t\t\t\t\t\t\t\t\t\t\t<\/div>\n\t\t\t\t<\/div>\n\t\t\t\t\t<\/div>\n\t\t<\/div>\n\t\t\t\t\t<\/div>\n\t\t<\/section>\n\t\t\t\t<section class=\"elementor-section elementor-top-section elementor-element elementor-element-1198353 elementor-section-boxed elementor-section-height-default elementor-section-height-default\" data-id=\"1198353\" data-element_type=\"section\">\n\t\t\t\t\t\t<div class=\"elementor-container elementor-column-gap-default\">\n\t\t\t\t\t<div class=\"elementor-column elementor-col-100 elementor-top-column elementor-element elementor-element-a12495f\" data-id=\"a12495f\" data-element_type=\"column\">\n\t\t\t<div class=\"elementor-widget-wrap elementor-element-populated\">\n\t\t\t\t\t\t<div class=\"elementor-element elementor-element-233d8fa elementor-widget elementor-widget-heading\" data-id=\"233d8fa\" data-element_type=\"widget\" data-widget_type=\"heading.default\">\n\t\t\t\t<div class=\"elementor-widget-container\">\n\t\t\t<h2 class=\"elementor-heading-title elementor-size-default\">Pour les clients<\/h2>\t\t<\/div>\n\t\t\t\t<\/div>\n\t\t\t\t<div class=\"elementor-element elementor-element-ca80914 elementor-widget elementor-widget-text-editor\" data-id=\"ca80914\" data-element_type=\"widget\" data-widget_type=\"text-editor.default\">\n\t\t\t\t<div class=\"elementor-widget-container\">\n\t\t\t\t\t\t\t<p><strong>Devenez un h\u00f4te<\/strong> : Inscrivez-vous sur SpotForWork en tant qu&#8217;h\u00f4te pour partager votre espace. Notre processus de cr\u00e9ation d&#8217;espace vous aide \u00e0 cr\u00e9er une annonce attrayante, mettant en valeur les caract\u00e9ristiques uniques de votre espace et les services que vous offrez.<\/p><p><strong>G\u00e9rez vos annonces<\/strong> : Gr\u00e2ce \u00e0 notre tableau de bord intuitif, vous pouvez g\u00e9rer les disponibilit\u00e9s, ajuster les prix et mettre \u00e0 jour les services que vous proposez, le tout en quelques clics.<\/p><p><strong>Accueillez vos invit\u00e9s<\/strong> : Recevez une notification d\u00e8s qu&#8217;un client r\u00e9serve votre espace. Vous disposerez de toutes les informations n\u00e9cessaires pour pr\u00e9parer leur arriv\u00e9e et leur garantir une exp\u00e9rience exceptionnelle.<\/p><p><strong>Mon\u00e9tisez votre espace<\/strong> : Apr\u00e8s chaque r\u00e9servation r\u00e9ussie, recevez votre paiement via notre plateforme s\u00e9curis\u00e9e. SpotForWork s&#8217;occupe de tout, pour que vous puissiez vous concentrer sur l&#8217;offre d&#8217;une exp\u00e9rience m\u00e9morable \u00e0 vos invit\u00e9s.<\/p>\t\t\t\t\t\t<\/div>\n\t\t\t\t<\/div>\n\t\t\t\t<div class=\"elementor-element elementor-element-af06949 elementor-widget elementor-widget-heading\" data-id=\"af06949\" data-element_type=\"widget\" data-widget_type=\"heading.default\">\n\t\t\t\t<div class=\"elementor-widget-container\">\n\t\t\t<h2 class=\"elementor-heading-title elementor-size-default\">Pour les h\u00f4tes<\/h2>\t\t<\/div>\n\t\t\t\t<\/div>\n\t\t\t\t<div class=\"elementor-element elementor-element-c76a436 elementor-widget elementor-widget-text-editor\" data-id=\"c76a436\" data-element_type=\"widget\" data-widget_type=\"text-editor.default\">\n\t\t\t\t<div class=\"elementor-widget-container\">\n\t\t\t\t\t\t\t<p><strong>S&#8217;inscrire<\/strong> : Commencez par vous inscrire sur la plateforme SpotForWork. Cr\u00e9ez votre profil pour acc\u00e9der \u00e0 notre r\u00e9seau exclusif d&#8217;espaces de travail uniques.<\/p><p><strong>Trouvez votre espace<\/strong> : Utilisez nos filtres de recherche pour trouver l&#8217;espace parfait qui correspond \u00e0 vos besoins de travail. Que vous recherchiez un endroit calme pour vous concentrer ou un environnement inspirant pour innover, vous le trouverez sur SpotForWork.<\/p><p><strong>R\u00e9servez instantan\u00e9ment<\/strong> : Une fois que vous avez trouv\u00e9 l&#8217;espace id\u00e9al, r\u00e9servez-le directement sur la plateforme. Consultez les disponibilit\u00e9s en temps r\u00e9el et s\u00e9lectionnez les services suppl\u00e9mentaires propos\u00e9s par l&#8217;h\u00f4te.<\/p><p><strong>Profitez de votre espace<\/strong> : Le jour de votre r\u00e9servation, rendez-vous \u00e0 l&#8217;adresse indiqu\u00e9e et profitez d&#8217;un espace de travail adapt\u00e9 \u00e0 vos attentes, avec tous les services convenus pr\u00eats \u00e0 l&#8217;emploi.<\/p>\t\t\t\t\t\t<\/div>\n\t\t\t\t<\/div>\n\t\t\t\t\t<\/div>\n\t\t<\/div>\n\t\t\t\t\t<\/div>\n\t\t<\/section>\n\t\t\t\t<section class=\"elementor-section elementor-top-section elementor-element elementor-element-cc9af55 elementor-section-boxed elementor-section-height-default elementor-section-height-default\" data-id=\"cc9af55\" data-element_type=\"section\">\n\t\t\t\t\t\t<div class=\"elementor-container elementor-column-gap-default\">\n\t\t\t\t\t<div class=\"elementor-column elementor-col-100 elementor-top-column elementor-element elementor-element-952a832\" data-id=\"952a832\" data-element_type=\"column\">\n\t\t\t<div class=\"elementor-widget-wrap elementor-element-populated\">\n\t\t\t\t\t\t<div class=\"elementor-element elementor-element-c67614c elementor-widget elementor-widget-text-editor\" data-id=\"c67614c\" data-element_type=\"widget\" data-widget_type=\"text-editor.default\">\n\t\t\t\t<div class=\"elementor-widget-container\">\n\t\t\t\t\t\t\t<p><strong>SpotForWork<\/strong> simplifie la connexion entre les professionnels et les h\u00f4tes, en offrant une plateforme intuitive pour acc\u00e9der et partager des espaces de travail uniques. Que vous soyez \u00e0 la recherche d&#8217;un lieu de travail ou que vous cherchiez \u00e0 mon\u00e9tiser un espace inutilis\u00e9, SpotForWork est la solution.<\/p>\t\t\t\t\t\t<\/div>\n\t\t\t\t<\/div>\n\t\t\t\t\t<\/div>\n\t\t<\/div>\n\t\t\t\t\t<\/div>\n\t\t<\/section>\n\t\t\t\t<\/div>\n\t\t","protected":false},"excerpt":{"rendered":"<p>Pour les clients Devenez un h\u00f4te : Inscrivez-vous sur SpotForWork en tant qu&#8217;h\u00f4te pour partager votre espace. Notre processus de cr\u00e9ation d&#8217;espace vous aide \u00e0 cr\u00e9er une annonce attrayante, mettant en valeur les caract\u00e9ristiques uniques de votre espace et les services que vous offrez. G\u00e9rez vos annonces : Gr\u00e2ce \u00e0 notre tableau de bord intuitif, [&hellip;]<\/p>\n","protected":false},"author":1,"featured_media":0,"parent":0,"menu_order":0,"comment_status":"closed","ping_status":"closed","template":"","meta":{"_monsterinsights_skip_tracking":false,"_monsterinsights_sitenote_active":false,"_monsterinsights_sitenote_note":"","_monsterinsights_sitenote_category":0,"footnotes":""},"class_list":["post-4901","page","type-page","status-publish","hentry"],"aioseo_notices":[],"_links":{"self":[{"href":"https:\/\/spotforwork.com\/index.php\/wp-json\/wp\/v2\/pages\/4901","targetHints":{"allow":["GET"]}}],"collection":[{"href":"https:\/\/spotforwork.com\/index.php\/wp-json\/wp\/v2\/pages"}],"about":[{"href":"https:\/\/spotforwork.com\/index.php\/wp-json\/wp\/v2\/types\/page"}],"author":[{"embeddable":true,"href":"https:\/\/spotforwork.com\/index.php\/wp-json\/wp\/v2\/users\/1"}],"replies":[{"embeddable":true,"href":"https:\/\/spotforwork.com\/index.php\/wp-json\/wp\/v2\/comments?post=4901"}],"version-history":[{"count":8,"href":"https:\/\/spotforwork.com\/index.php\/wp-json\/wp\/v2\/pages\/4901\/revisions"}],"predecessor-version":[{"id":4984,"href":"https:\/\/spotforwork.com\/index.php\/wp-json\/wp\/v2\/pages\/4901\/revisions\/4984"}],"wp:attachment":[{"href":"https:\/\/spotforwork.com\/index.php\/wp-json\/wp\/v2\/media?parent=4901"}],"curies":[{"name":"wp","href":"https:\/\/api.w.org\/{rel}","templated":true}]}}